{"id":14,"date":"2021-03-22T16:55:21","date_gmt":"2021-03-22T15:55:21","guid":{"rendered":"http:\/\/giotto-soft.com\/?page_id=14"},"modified":"2021-10-11T12:44:59","modified_gmt":"2021-10-11T10:44:59","slug":"le-nouveau-e-mucem-ouvre-ses-portes-2","status":"publish","type":"page","link":"https:\/\/giotto-soft.com\/","title":{"rendered":"GIOTTO-SOFT"},"content":{"rendered":"\n<div class=\"is-layout-flow wp-block-group alignwide\"><div class=\"wp-block-group__inner-container\">\n<h3 class=\"alignfull has-text-align-center\">Bienvenue chez Giotto-soft,  votre fournisseur de solution IPTV.<\/h3>\n\n\n\n<p><\/p>\n<\/div><\/div>\n\n\n\n<hr class=\"wp-block-separator\"\/>\n\n\n\n<p>Avec L\u2019IPTV, administrez et distribuez vos services t\u00e9l\u00e9vis\u00e9s tout en optimisant vos r\u00e9seaux informatiques.<\/p>\n\n\n\n<hr class=\"wp-block-separator\"\/>\n\n\n\n<p><\/p>\n","protected":false},"excerpt":{"rendered":"<p>Bienvenue chez Giotto-soft, votre fournisseur de solution IPTV. Avec L\u2019IPTV, administrez et distribuez vos services t\u00e9l\u00e9vis\u00e9s tout en optimisant vos r\u00e9seaux informatiques.<\/p>\n","protected":false},"author":1,"featured_media":13,"parent":0,"menu_order":0,"comment_status":"closed","ping_status":"closed","template":"","meta":[],"_links":{"self":[{"href":"https:\/\/giotto-soft.com\/index.php\/wp-json\/wp\/v2\/pages\/14"}],"collection":[{"href":"https:\/\/giotto-soft.com\/index.php\/wp-json\/wp\/v2\/pages"}],"about":[{"href":"https:\/\/giotto-soft.com\/index.php\/wp-json\/wp\/v2\/types\/page"}],"author":[{"embeddable":true,"href":"https:\/\/giotto-soft.com\/index.php\/wp-json\/wp\/v2\/users\/1"}],"replies":[{"embeddable":true,"href":"https:\/\/giotto-soft.com\/index.php\/wp-json\/wp\/v2\/comments?post=14"}],"version-history":[{"count":8,"href":"https:\/\/giotto-soft.com\/index.php\/wp-json\/wp\/v2\/pages\/14\/revisions"}],"predecessor-version":[{"id":68,"href":"https:\/\/giotto-soft.com\/index.php\/wp-json\/wp\/v2\/pages\/14\/revisions\/68"}],"wp:featuredmedia":[{"embeddable":true,"href":"https:\/\/giotto-soft.com\/index.php\/wp-json\/wp\/v2\/media\/13"}],"wp:attachment":[{"href":"https:\/\/giotto-soft.com\/index.php\/wp-json\/wp\/v2\/media?parent=14"}],"curies":[{"name":"wp","href":"https:\/\/api.w.org\/{rel}","templated":true}]}}